{"id":68,"date":"2023-07-03T09:31:38","date_gmt":"2023-07-03T09:31:38","guid":{"rendered":"http:\/\/vir-doctor.eu\/?page_id=68"},"modified":"2023-07-31T08:39:04","modified_gmt":"2023-07-31T08:39:04","slug":"usluge","status":"publish","type":"page","link":"https:\/\/vir-doctor.eu\/hr\/usluge\/","title":{"rendered":"Usluge"},"content":{"rendered":"<p>[et_pb_section fb_built=&#8221;1&#8243; _builder_version=&#8221;4.21.0&#8243; _module_preset=&#8221;default&#8221; custom_padding=&#8221;0px||0px||false|false&#8221; global_colors_info=&#8221;{}&#8221;][et_pb_row _builder_version=&#8221;4.21.0&#8243; _module_preset=&#8221;default&#8221; background_color=&#8221;#302f96&#8243; width=&#8221;100%&#8221; max_width=&#8221;100vw&#8221; global_colors_info=&#8221;{}&#8221;][et_pb_column type=&#8221;4_4&#8243; _builder_version=&#8221;4.21.0&#8243; _module_preset=&#8221;default&#8221; global_colors_info=&#8221;{}&#8221;][et_pb_text _builder_version=&#8221;4.21.0&#8243; _module_preset=&#8221;default&#8221; header_font=&#8221;|700|||||||&#8221; header_text_align=&#8221;center&#8221; header_text_color=&#8221;#FFFFFF&#8221; header_font_size=&#8221;2.5rem&#8221; hover_enabled=&#8221;0&#8243; header_font_size_tablet=&#8221;2.5rem&#8221; header_font_size_phone=&#8221;2.5rem&#8221; header_font_size_last_edited=&#8221;on|desktop&#8221; global_colors_info=&#8221;{}&#8221; sticky_enabled=&#8221;0&#8243;]<\/p>\n<h1>Usluge<\/h1>\n<p>[\/et_pb_text][\/et_pb_column][\/et_pb_row][et_pb_row _builder_version=&#8221;4.21.0&#8243; _module_preset=&#8221;default&#8221; width=&#8221;100%&#8221; max_width=&#8221;100vw&#8221; global_colors_info=&#8221;{}&#8221;][et_pb_column type=&#8221;4_4&#8243; _builder_version=&#8221;4.21.0&#8243; _module_preset=&#8221;default&#8221; global_colors_info=&#8221;{}&#8221;][et_pb_text _builder_version=&#8221;4.21.0&#8243; _module_preset=&#8221;default&#8221; text_font=&#8221;|600|||||||&#8221; text_text_color=&#8221;#000000&#8243; text_font_size=&#8221;1.2rem&#8221; custom_padding=&#8221;|5%||5%|false|false&#8221; hover_enabled=&#8221;0&#8243; text_font_size_tablet=&#8221;1.1rem&#8221; text_font_size_phone=&#8221;0.4rem&#8221; text_font_size_last_edited=&#8221;on|tablet&#8221; text_line_height_tablet=&#8221;&#8221; text_line_height_phone=&#8221;1.3em&#8221; text_line_height_last_edited=&#8221;on|phone&#8221; global_colors_info=&#8221;{}&#8221; sticky_enabled=&#8221;0&#8243;]<\/p>\n<p>&nbsp;<\/p>\n<table border=\"2\" style=\"width: 100%; border-collapse: collapse; border-color: #302f96; margin-left: auto; margin-right: auto;\">\n<tbody style=\"border: 2px solid #302f96;\">\n<tr>\n<td style=\"width: 37.6022%; text-align: center;\">prvi i kontrolni pregled lije\u010dnika<\/td>\n<td style=\"width: 33.2425%;\">\n<p style=\"text-align: center;\">ku\u0107ne posjete po dogovoru<\/p>\n<\/td>\n<td style=\"width: 28.6104%;\">\n<p style=\"text-align: center;\">zbrinjavanje hitnih stanja<\/p>\n<\/td>\n<\/tr>\n<tr>\n<td style=\"width: 37.6022%;\">\n<p style=\"text-align: center;\">zbrinjavanje opeklina, rana i ozljeda<\/p>\n<\/td>\n<td style=\"width: 33.2425%;\">\n<p style=\"text-align: center;\">previjanje akutnih i kroni\u010dnih rana<\/p>\n<\/td>\n<td style=\"width: 28.6104%;\">\n<p style=\"text-align: center;\">otoskopija<\/p>\n<\/td>\n<\/tr>\n<tr>\n<td style=\"width: 37.6022%;\">\n<p style=\"text-align: center;\">ispiranje zvukovoda<\/p>\n<\/td>\n<td style=\"width: 33.2425%;\">\n<p style=\"text-align: center;\">zaustavljanje krvarenja iz nosa<\/p>\n<\/td>\n<td style=\"width: 28.6104%;\">\n<p style=\"text-align: center;\">pulsna oksimetrija<\/p>\n<\/td>\n<\/tr>\n<tr>\n<td style=\"width: 37.6022%;\">\n<p style=\"text-align: center;\">elektrokardiogram (EKG)<\/p>\n<\/td>\n<td style=\"width: 33.2425%;\">\n<p style=\"text-align: center;\">brzi test na Streptokok<\/p>\n<\/td>\n<td style=\"width: 28.6104%;\">\n<p style=\"text-align: center;\">COVID test<\/p>\n<\/td>\n<\/tr>\n<tr>\n<td style=\"width: 37.6022%;\">\n<p style=\"text-align: center;\">administracija ljekova putem inhalatora (KOPB, astma)<\/p>\n<\/td>\n<td style=\"width: 33.2425%;\">\n<p style=\"text-align: center;\">intramuskularne injekcije<\/p>\n<\/td>\n<td style=\"width: 28.6104%;\">\n<p style=\"text-align: center;\">blokade u zglobove<\/p>\n<\/td>\n<\/tr>\n<tr>\n<td style=\"width: 37.6022%;\">\n<p style=\"text-align: center;\">intervenske infuzije<\/p>\n<\/td>\n<td style=\"width: 33.2425%;\">\n<p style=\"text-align: center;\">mjerenje krvnog tlaka<\/p>\n<\/td>\n<td style=\"width: 28.6104%;\">\n<p style=\"text-align: center;\">mjerenje \u0161e\u0107era u krvi<\/p>\n<\/td>\n<\/tr>\n<tr>\n<td style=\"width: 37.6022%;\">\n<p style=\"text-align: center;\">kontrola i zbrinjavanje kroni\u010dnih stanja (tlak, \u0161e\u0107er, plu\u0107ni bolesnici, kroni\u010dna bubre\u017ena bolest\u2026)<\/p>\n<\/td>\n<td style=\"width: 33.2425%;\">\n<p style=\"text-align: center;\">kateterizacija mokra\u0107nog mjehura<\/p>\n<\/td>\n<td style=\"width: 28.6104%;\">\n<p style=\"text-align: center;\">analiza urina test trakicama<\/p>\n<\/td>\n<\/tr>\n<tr>\n<td style=\"width: 37.6022%;\">\n<p style=\"text-align: center;\">va\u0111enje \u0161avova (konaca)<\/p>\n<\/td>\n<td style=\"width: 33.2425%;\">\n<p style=\"text-align: center;\">skidanje gipsa<\/p>\n<\/td>\n<td style=\"width: 28.6104%;\">\n<p style=\"text-align: center;\">odstranjivanje stranih tijela<\/p>\n<\/td>\n<\/tr>\n<tr>\n<td style=\"width: 37.6022%;\">\n<p style=\"text-align: center;\">pregled made\u017ea<\/p>\n<\/td>\n<td style=\"width: 33.2425%;\">\n<p style=\"text-align: center;\">mali kirur\u0161ki zahvati<\/p>\n<\/td>\n<td style=\"width: 28.6104%;\">\n<p style=\"text-align: center;\">incizije gnojnih procesa<\/p>\n<\/td>\n<\/tr>\n<tr>\n<td style=\"width: 37.6022%;\">\n<p style=\"text-align: center;\">punkcija zglobova i burzi<\/p>\n<\/td>\n<td style=\"width: 33.2425%;\">\n<p style=\"text-align: center;\">izdavanje recepata<\/p>\n<\/td>\n<td style=\"width: 28.6104%;\">\n<p style=\"text-align: center;\">izdavanje lje\u010dni\u010dkih potvrda<\/p>\n<\/td>\n<\/tr>\n<tr>\n<td style=\"width: 37.6022%;\">\n<p style=\"text-align: center;\">konzultacije\/drugo mi\u0161ljenje<\/p>\n<\/td>\n<td style=\"width: 33.2425%;\">\n<p style=\"text-align: center;\">svajeti i programi za o\u010duvanje zdravlja i prevenciju bolesti<\/p>\n<\/td>\n<td style=\"width: 28.6104%;\">\n<p style=\"text-align: center;\">estetski nekirur\u0161ki tretmani<\/p>\n<\/td>\n<\/tr>\n<\/tbody>\n<\/table>\n<p>&nbsp;<\/p>\n<p>[\/et_pb_text][\/et_pb_column][\/et_pb_row][\/et_pb_section]<\/p>","protected":false},"excerpt":{"rendered":"<p>Services&nbsp; first and follow-up doctor&#8217;s examinations house calls by appointment treatment of emergencies treatment of burns, wounds and injuries dressing of acute and chronic wounds otoscopy ear irrigation nosebleed treatment pulse oximetry electrocardiogram (ECG) rapid test for Streptococcus COVID test administration of drugs via inhaler (COPD, asthma) intramuscular injections articular joint injections intravenous therapy blood [&hellip;]<\/p>","protected":false},"author":1,"featured_media":0,"parent":0,"menu_order":0,"comment_status":"closed","ping_status":"closed","template":"","meta":{"_et_pb_use_builder":"on","_et_pb_old_content":"<!-- wp:divi\/placeholder \/-->","_et_gb_content_width":"","footnotes":""},"class_list":["post-68","page","type-page","status-publish","hentry"],"_links":{"self":[{"href":"https:\/\/vir-doctor.eu\/hr\/wp-json\/wp\/v2\/pages\/68","targetHints":{"allow":["GET"]}}],"collection":[{"href":"https:\/\/vir-doctor.eu\/hr\/wp-json\/wp\/v2\/pages"}],"about":[{"href":"https:\/\/vir-doctor.eu\/hr\/wp-json\/wp\/v2\/types\/page"}],"author":[{"embeddable":true,"href":"https:\/\/vir-doctor.eu\/hr\/wp-json\/wp\/v2\/users\/1"}],"replies":[{"embeddable":true,"href":"https:\/\/vir-doctor.eu\/hr\/wp-json\/wp\/v2\/comments?post=68"}],"version-history":[{"count":8,"href":"https:\/\/vir-doctor.eu\/hr\/wp-json\/wp\/v2\/pages\/68\/revisions"}],"predecessor-version":[{"id":331,"href":"https:\/\/vir-doctor.eu\/hr\/wp-json\/wp\/v2\/pages\/68\/revisions\/331"}],"wp:attachment":[{"href":"https:\/\/vir-doctor.eu\/hr\/wp-json\/wp\/v2\/media?parent=68"}],"curies":[{"name":"wp","href":"https:\/\/api.w.org\/{rel}","templated":true}]}}